{"id":566,"date":"2024-02-21T03:57:27","date_gmt":"2024-02-21T03:57:27","guid":{"rendered":"https:\/\/sgh.com.co\/index.php\/wpbc-booking\/"},"modified":"2024-04-14T00:37:33","modified_gmt":"2024-04-14T00:37:33","slug":"wpbc-booking","status":"publish","type":"page","link":"https:\/\/sgh.com.co\/wpbc-booking\/","title":{"rendered":"Reun\u00e1monos"},"content":{"rendered":"\n<div class=\"section-wrapper\" data-id=\"N1VOP2\"><section class=\"wp-block-gutenverse-section guten-element guten-section guten-N1VOP2 layout-fullwidth align-stretch\"><div class=\"guten-background-overlay\"><\/div><div class=\"guten-shape-divider guten-shape-divider-top\"><\/div><div class=\"guten-shape-divider guten-shape-divider-bottom\"><\/div><div class=\"guten-container guten-column-gap-default\">\n<div class=\"wp-block-gutenverse-column guten-element guten-column guten-8aKJww\"><div class=\"guten-background-overlay\"><\/div><div class=\"sticky-wrapper\" data-id=\"8aKJww\"><div class=\"guten-column-wrapper\">\n<div class=\"wp-block-gutenverse-image guten-element guten-image guten-hHUWzg\"><a class=\"guten-image-wrapper\"><img decoding=\"async\" class=\"gutenverse-image-box-filled\" src=\"https:\/\/sgh.com.co\/wp-content\/uploads\/2024\/02\/2148911819.jpg\" height=\"1001\" width=\"1500\"\/><\/a><\/div>\n<\/div><\/div><\/div>\n\n\n\n<div class=\"wp-block-gutenverse-column guten-element guten-column guten-pKDKOP\"><div class=\"guten-background-overlay\"><\/div><div class=\"sticky-wrapper\" data-id=\"pKDKOP\"><div class=\"guten-column-wrapper\">\n<h2 class=\"wp-block-gutenverse-heading guten-element guten-YIBOKY\">Exploremos soluciones laborales<\/h2>\n\n\n\n<div class=\"guten-element gutenverse-text-editor guten-ve0fO1\"><div class=\"text-content-inner\">\n<p class=\"has-theme-white-color has-text-color has-link-color wp-elements-56008f789f2760e0ac0afb89d16b0baf\">Descubre la seguridad que brinda tener expertos a tu lado. <strong>Reserva ahora y recibe una hora de asesor\u00eda legal o revisor\u00eda fiscal \u00a1totalmente gratis!<\/strong> Enfrenta tus desaf\u00edos con confianza, con nuestro equipo a tu disposici\u00f3n para brindarte la orientaci\u00f3n que necesitas. Aprovecha esta oportunidad para resolver tus inquietudes sin compromiso alguno. Completa los datos para <strong>reservar tu hora gratuita<\/strong> y dar el primer paso hacia la tranquilidad legal y financiera.<\/p>\n<\/div><\/div>\n<\/div><\/div><\/div>\n<\/div><\/section><\/div>\n\n\n\n<div class=\"guten-element guten-spacer guten-Bq5SZ9\"><\/div>\n\n\n\n<div class=\"section-wrapper\" data-id=\"Qe9T7Q\"><section class=\"wp-block-gutenverse-section guten-element guten-section guten-Qe9T7Q animated guten-element-hide desktop-fadeInLeft layout-boxed align-stretch\"><div class=\"guten-background-overlay\"><\/div><div class=\"guten-shape-divider guten-shape-divider-top\"><\/div><div class=\"guten-shape-divider guten-shape-divider-bottom\"><\/div><div class=\"guten-container guten-column-gap-default\">\n<div class=\"wp-block-gutenverse-column guten-element guten-column guten-MHebQV hide-desktop hide-tablet hide-mobile\"><div class=\"guten-background-overlay\"><\/div><div class=\"sticky-wrapper\" data-id=\"MHebQV\"><div class=\"guten-column-wrapper\"><p>[booking resource_id=1]<\/p>\n<\/div><\/div><\/div>\n<\/div><\/section><\/div>\n\n\n\n<div class=\"section-wrapper\" data-id=\"6dnG3P\"><section class=\"wp-block-gutenverse-section guten-element guten-section guten-6dnG3P layout-boxed align-stretch\"><div class=\"guten-background-overlay\"><\/div><div class=\"guten-shape-divider guten-shape-divider-top\"><\/div><div class=\"guten-shape-divider guten-shape-divider-bottom\"><\/div><div class=\"guten-container guten-column-gap-default\">\n<div class=\"wp-block-gutenverse-column guten-element guten-column guten-Bb90gQ\"><div class=\"guten-background-overlay\"><\/div><div class=\"sticky-wrapper\" data-id=\"Bb90gQ\"><div class=\"guten-column-wrapper\"><iframe src=\"https:\/\/sgh.com.co\/wp-json\/ssa\/v1\/embed-inner?integration&#038;type&#038;label&#038;types&#038;edit&#038;view&#038;payment_provider&#038;ssa_locale=es_CO&#038;sid=5c3cc1f8233355120af0b9bbe2b0ddb3315f84c1&#038;availability_start_date&#038;availability_end_date&#038;suggest_first_available&#038;suggest_first_available_within_minutes&#038;flow&#038;fallback_flow&#038;time_view&#038;date_view&#038;appointment_types_view=cardList&#038;version&#038;accent_color&#038;background&#038;padding&#038;font&#038;booking_url=https%3A%2F%2Fsgh.com.co%2Fwpbc-booking%2F&#038;booking_post_id=566&#038;booking_title=Reun%C3%A1monos&#038;_wpnonce=9f02ebc2a9&#038;redirect_post_id#\/\" height=\"400px\" width=\"100%\" name=\"ssa_booking\" loading=\"eager\" frameborder=\"0\" data-skip-lazy=\"1\" class=\"ssa_booking_iframe skip-lazy\" title=\"Reservar un tiempo\"><\/iframe><\/div><\/div><\/div>\n<\/div><\/section><\/div>\n","protected":false},"excerpt":{"rendered":"","protected":false},"author":1,"featured_media":0,"parent":0,"menu_order":0,"comment_status":"closed","ping_status":"closed","template":"templates\/template-fullwidth.php","meta":{"footnotes":""},"class_list":["post-566","page","type-page","status-publish","hentry"],"yoast_head":"<!-- This site is optimized with the Yoast SEO plugin v27.5 - https:\/\/yoast.com\/product\/yoast-seo-wordpress\/ -->\n<title>Reun\u00e1monos - Seven Group<\/title>\n<meta name=\"description\" content=\"Exploremos soluciones laborales Descubre la seguridad que brinda tener expertos a tu lado. Reserva ahora y recibe una hora de asesor\u00eda legal o revisor\u00eda\" \/>\n<meta name=\"robots\" content=\"index, follow, max-snippet:-1, max-image-preview:large, max-video-preview:-1\" \/>\n<link rel=\"canonical\" href=\"https:\/\/sgh.com.co\/wpbc-booking\/\" \/>\n<meta property=\"og:locale\" content=\"es_ES\" \/>\n<meta property=\"og:type\" content=\"article\" \/>\n<meta property=\"og:title\" content=\"Reun\u00e1monos - Seven Group\" \/>\n<meta property=\"og:description\" content=\"Exploremos soluciones laborales Descubre la seguridad que brinda tener expertos a tu lado. Reserva ahora y recibe una hora de asesor\u00eda legal o revisor\u00eda\" \/>\n<meta property=\"og:url\" content=\"https:\/\/sgh.com.co\/wpbc-booking\/\" \/>\n<meta property=\"og:site_name\" content=\"Seven Group\" \/>\n<meta property=\"article:publisher\" content=\"https:\/\/www.facebook.com\/113153935426498\" \/>\n<meta property=\"article:modified_time\" content=\"2024-04-14T00:37:33+00:00\" \/>\n<meta property=\"og:image\" content=\"https:\/\/sgh.com.co\/wp-content\/uploads\/2024\/02\/2148911819.jpg\" \/>\n<meta name=\"twitter:card\" content=\"summary_large_image\" \/>\n<meta name=\"twitter:label1\" content=\"Tiempo de lectura\" \/>\n\t<meta name=\"twitter:data1\" content=\"1 minuto\" \/>\n<script type=\"application\/ld+json\" class=\"yoast-schema-graph\">{\"@context\":\"https:\\\/\\\/schema.org\",\"@graph\":[{\"@type\":\"WebPage\",\"@id\":\"https:\\\/\\\/sgh.com.co\\\/wpbc-booking\\\/\",\"url\":\"https:\\\/\\\/sgh.com.co\\\/wpbc-booking\\\/\",\"name\":\"Reun\u00e1monos - Seven Group\",\"isPartOf\":{\"@id\":\"https:\\\/\\\/sgh.com.co\\\/#website\"},\"primaryImageOfPage\":{\"@id\":\"https:\\\/\\\/sgh.com.co\\\/wpbc-booking\\\/#primaryimage\"},\"image\":{\"@id\":\"https:\\\/\\\/sgh.com.co\\\/wpbc-booking\\\/#primaryimage\"},\"thumbnailUrl\":\"https:\\\/\\\/sgh.com.co\\\/wp-content\\\/uploads\\\/2024\\\/02\\\/2148911819.jpg\",\"datePublished\":\"2024-02-21T03:57:27+00:00\",\"dateModified\":\"2024-04-14T00:37:33+00:00\",\"description\":\"Exploremos soluciones laborales Descubre la seguridad que brinda tener expertos a tu lado. Reserva ahora y recibe una hora de asesor\u00eda legal o revisor\u00eda\",\"breadcrumb\":{\"@id\":\"https:\\\/\\\/sgh.com.co\\\/wpbc-booking\\\/#breadcrumb\"},\"inLanguage\":\"es-CO\",\"potentialAction\":[{\"@type\":\"ReadAction\",\"target\":[\"https:\\\/\\\/sgh.com.co\\\/wpbc-booking\\\/\"]}]},{\"@type\":\"ImageObject\",\"inLanguage\":\"es-CO\",\"@id\":\"https:\\\/\\\/sgh.com.co\\\/wpbc-booking\\\/#primaryimage\",\"url\":\"https:\\\/\\\/sgh.com.co\\\/wp-content\\\/uploads\\\/2024\\\/02\\\/2148911819.jpg\",\"contentUrl\":\"https:\\\/\\\/sgh.com.co\\\/wp-content\\\/uploads\\\/2024\\\/02\\\/2148911819.jpg\",\"width\":1500,\"height\":1001},{\"@type\":\"BreadcrumbList\",\"@id\":\"https:\\\/\\\/sgh.com.co\\\/wpbc-booking\\\/#breadcrumb\",\"itemListElement\":[{\"@type\":\"ListItem\",\"position\":1,\"name\":\"Inicio\",\"item\":\"https:\\\/\\\/sgh.com.co\\\/\"},{\"@type\":\"ListItem\",\"position\":2,\"name\":\"Reun\u00e1monos\"}]},{\"@type\":\"WebSite\",\"@id\":\"https:\\\/\\\/sgh.com.co\\\/#website\",\"url\":\"https:\\\/\\\/sgh.com.co\\\/\",\"name\":\"Seven Group\",\"description\":\"\",\"publisher\":{\"@id\":\"https:\\\/\\\/sgh.com.co\\\/#organization\"},\"alternateName\":\"sgh\",\"potentialAction\":[{\"@type\":\"SearchAction\",\"target\":{\"@type\":\"EntryPoint\",\"urlTemplate\":\"https:\\\/\\\/sgh.com.co\\\/?s={search_term_string}\"},\"query-input\":{\"@type\":\"PropertyValueSpecification\",\"valueRequired\":true,\"valueName\":\"search_term_string\"}}],\"inLanguage\":\"es-CO\"},{\"@type\":\"Organization\",\"@id\":\"https:\\\/\\\/sgh.com.co\\\/#organization\",\"name\":\"Seven Group\",\"alternateName\":\"SGH\",\"url\":\"https:\\\/\\\/sgh.com.co\\\/\",\"logo\":{\"@type\":\"ImageObject\",\"inLanguage\":\"es-CO\",\"@id\":\"https:\\\/\\\/sgh.com.co\\\/#\\\/schema\\\/logo\\\/image\\\/\",\"url\":\"https:\\\/\\\/sgh.com.co\\\/wp-content\\\/uploads\\\/2024\\\/02\\\/cropped-cropped-Logopequeno-1.png\",\"contentUrl\":\"https:\\\/\\\/sgh.com.co\\\/wp-content\\\/uploads\\\/2024\\\/02\\\/cropped-cropped-Logopequeno-1.png\",\"width\":511,\"height\":511,\"caption\":\"Seven Group\"},\"image\":{\"@id\":\"https:\\\/\\\/sgh.com.co\\\/#\\\/schema\\\/logo\\\/image\\\/\"},\"sameAs\":[\"https:\\\/\\\/www.facebook.com\\\/113153935426498\",\"https:\\\/\\\/www.linkedin.com\\\/company\\\/seven-group-g7\\\/mycompany\\\/?viewAsMember=true\",\"https:\\\/\\\/wa.me\\\/573054388503\",\"https:\\\/\\\/www.instagram.com\\\/_7_group\\\/\"]}]}<\/script>\n<!-- \/ Yoast SEO plugin. -->","yoast_head_json":{"title":"Reun\u00e1monos - Seven Group","description":"Exploremos soluciones laborales Descubre la seguridad que brinda tener expertos a tu lado. Reserva ahora y recibe una hora de asesor\u00eda legal o revisor\u00eda","robots":{"index":"index","follow":"follow","max-snippet":"max-snippet:-1","max-image-preview":"max-image-preview:large","max-video-preview":"max-video-preview:-1"},"canonical":"https:\/\/sgh.com.co\/wpbc-booking\/","og_locale":"es_ES","og_type":"article","og_title":"Reun\u00e1monos - Seven Group","og_description":"Exploremos soluciones laborales Descubre la seguridad que brinda tener expertos a tu lado. Reserva ahora y recibe una hora de asesor\u00eda legal o revisor\u00eda","og_url":"https:\/\/sgh.com.co\/wpbc-booking\/","og_site_name":"Seven Group","article_publisher":"https:\/\/www.facebook.com\/113153935426498","article_modified_time":"2024-04-14T00:37:33+00:00","og_image":[{"url":"https:\/\/sgh.com.co\/wp-content\/uploads\/2024\/02\/2148911819.jpg","type":"","width":"","height":""}],"twitter_card":"summary_large_image","twitter_misc":{"Tiempo de lectura":"1 minuto"},"schema":{"@context":"https:\/\/schema.org","@graph":[{"@type":"WebPage","@id":"https:\/\/sgh.com.co\/wpbc-booking\/","url":"https:\/\/sgh.com.co\/wpbc-booking\/","name":"Reun\u00e1monos - Seven Group","isPartOf":{"@id":"https:\/\/sgh.com.co\/#website"},"primaryImageOfPage":{"@id":"https:\/\/sgh.com.co\/wpbc-booking\/#primaryimage"},"image":{"@id":"https:\/\/sgh.com.co\/wpbc-booking\/#primaryimage"},"thumbnailUrl":"https:\/\/sgh.com.co\/wp-content\/uploads\/2024\/02\/2148911819.jpg","datePublished":"2024-02-21T03:57:27+00:00","dateModified":"2024-04-14T00:37:33+00:00","description":"Exploremos soluciones laborales Descubre la seguridad que brinda tener expertos a tu lado. Reserva ahora y recibe una hora de asesor\u00eda legal o revisor\u00eda","breadcrumb":{"@id":"https:\/\/sgh.com.co\/wpbc-booking\/#breadcrumb"},"inLanguage":"es-CO","potentialAction":[{"@type":"ReadAction","target":["https:\/\/sgh.com.co\/wpbc-booking\/"]}]},{"@type":"ImageObject","inLanguage":"es-CO","@id":"https:\/\/sgh.com.co\/wpbc-booking\/#primaryimage","url":"https:\/\/sgh.com.co\/wp-content\/uploads\/2024\/02\/2148911819.jpg","contentUrl":"https:\/\/sgh.com.co\/wp-content\/uploads\/2024\/02\/2148911819.jpg","width":1500,"height":1001},{"@type":"BreadcrumbList","@id":"https:\/\/sgh.com.co\/wpbc-booking\/#breadcrumb","itemListElement":[{"@type":"ListItem","position":1,"name":"Inicio","item":"https:\/\/sgh.com.co\/"},{"@type":"ListItem","position":2,"name":"Reun\u00e1monos"}]},{"@type":"WebSite","@id":"https:\/\/sgh.com.co\/#website","url":"https:\/\/sgh.com.co\/","name":"Seven Group","description":"","publisher":{"@id":"https:\/\/sgh.com.co\/#organization"},"alternateName":"sgh","potentialAction":[{"@type":"SearchAction","target":{"@type":"EntryPoint","urlTemplate":"https:\/\/sgh.com.co\/?s={search_term_string}"},"query-input":{"@type":"PropertyValueSpecification","valueRequired":true,"valueName":"search_term_string"}}],"inLanguage":"es-CO"},{"@type":"Organization","@id":"https:\/\/sgh.com.co\/#organization","name":"Seven Group","alternateName":"SGH","url":"https:\/\/sgh.com.co\/","logo":{"@type":"ImageObject","inLanguage":"es-CO","@id":"https:\/\/sgh.com.co\/#\/schema\/logo\/image\/","url":"https:\/\/sgh.com.co\/wp-content\/uploads\/2024\/02\/cropped-cropped-Logopequeno-1.png","contentUrl":"https:\/\/sgh.com.co\/wp-content\/uploads\/2024\/02\/cropped-cropped-Logopequeno-1.png","width":511,"height":511,"caption":"Seven Group"},"image":{"@id":"https:\/\/sgh.com.co\/#\/schema\/logo\/image\/"},"sameAs":["https:\/\/www.facebook.com\/113153935426498","https:\/\/www.linkedin.com\/company\/seven-group-g7\/mycompany\/?viewAsMember=true","https:\/\/wa.me\/573054388503","https:\/\/www.instagram.com\/_7_group\/"]}]}},"_links":{"self":[{"href":"https:\/\/sgh.com.co\/index.php\/wp-json\/wp\/v2\/pages\/566","targetHints":{"allow":["GET"]}}],"collection":[{"href":"https:\/\/sgh.com.co\/index.php\/wp-json\/wp\/v2\/pages"}],"about":[{"href":"https:\/\/sgh.com.co\/index.php\/wp-json\/wp\/v2\/types\/page"}],"author":[{"embeddable":true,"href":"https:\/\/sgh.com.co\/index.php\/wp-json\/wp\/v2\/users\/1"}],"replies":[{"embeddable":true,"href":"https:\/\/sgh.com.co\/index.php\/wp-json\/wp\/v2\/comments?post=566"}],"version-history":[{"count":33,"href":"https:\/\/sgh.com.co\/index.php\/wp-json\/wp\/v2\/pages\/566\/revisions"}],"predecessor-version":[{"id":1097,"href":"https:\/\/sgh.com.co\/index.php\/wp-json\/wp\/v2\/pages\/566\/revisions\/1097"}],"wp:attachment":[{"href":"https:\/\/sgh.com.co\/index.php\/wp-json\/wp\/v2\/media?parent=566"}],"curies":[{"name":"wp","href":"https:\/\/api.w.org\/{rel}","templated":true}]}}